{"id":2040,"date":"2016-08-16T16:22:10","date_gmt":"2016-08-16T16:22:10","guid":{"rendered":"http:\/\/www.villasjrambla.org\/?page_id=2040"},"modified":"2018-04-26T16:54:18","modified_gmt":"2018-04-26T16:54:18","slug":"asociacion-artistica-alcaraban","status":"publish","type":"page","link":"https:\/\/villasjrambla.org\/?page_id=2040","title":{"rendered":"Asociaci\u00f3n Art\u00edstica Alcarav\u00e1n"},"content":{"rendered":"<p>[pdf-embedder url=\u00bbhttp:\/\/www.villasjrambla.org\/wp-content\/uploads\/MenuSuperior\/AAAlcaravan.pdf\u00bb height=\u00bb850px\u00bb width=\u00bb100%\u00bb]<\/p>\n","protected":false},"excerpt":{"rendered":"<p>[pdf-embedder url=\u00bbhttp:\/\/www.villasjrambla.org\/wp-content\/uploads\/MenuSuperior\/AAAlcaravan.pdf\u00bb height=\u00bb850px\u00bb width=\u00bb100%\u00bb]<\/p>\n","protected":false},"author":1,"featured_media":0,"parent":2037,"menu_order":307,"comment_status":"closed","ping_status":"closed","template":"","meta":{"footnotes":""},"class_list":["post-2040","page","type-page","status-publish"],"_links":{"self":[{"href":"https:\/\/villasjrambla.org\/index.php?rest_route=\/wp\/v2\/pages\/2040","targetHints":{"allow":["GET"]}}],"collection":[{"href":"https:\/\/villasjrambla.org\/index.php?rest_route=\/wp\/v2\/pages"}],"about":[{"href":"https:\/\/villasjrambla.org\/index.php?rest_route=\/wp\/v2\/types\/page"}],"author":[{"embeddable":true,"href":"https:\/\/villasjrambla.org\/index.php?rest_route=\/wp\/v2\/users\/1"}],"replies":[{"embeddable":true,"href":"https:\/\/villasjrambla.org\/index.php?rest_route=%2Fwp%2Fv2%2Fcomments&post=2040"}],"version-history":[{"count":5,"href":"https:\/\/villasjrambla.org\/index.php?rest_route=\/wp\/v2\/pages\/2040\/revisions"}],"predecessor-version":[{"id":4519,"href":"https:\/\/villasjrambla.org\/index.php?rest_route=\/wp\/v2\/pages\/2040\/revisions\/4519"}],"up":[{"embeddable":true,"href":"https:\/\/villasjrambla.org\/index.php?rest_route=\/wp\/v2\/pages\/2037"}],"wp:attachment":[{"href":"https:\/\/villasjrambla.org\/index.php?rest_route=%2Fwp%2Fv2%2Fmedia&parent=2040"}],"curies":[{"name":"wp","href":"https:\/\/api.w.org\/{rel}","templated":true}]}}