{"id":5928,"date":"2020-06-21T16:20:47","date_gmt":"2020-06-21T16:20:47","guid":{"rendered":"http:\/\/www.villasjrambla.org\/?page_id=5928"},"modified":"2020-06-21T16:26:30","modified_gmt":"2020-06-21T16:26:30","slug":"cierre-de-la-carretera-tf-5-2-2-3-2-2","status":"publish","type":"page","link":"https:\/\/villasjrambla.org\/?page_id=5928","title":{"rendered":"Ocupaci\u00f3n de la v\u00eda p\u00fablica"},"content":{"rendered":"<p>[pdf-embedder url=\u00bbhttp:\/\/www.villasjrambla.org\/wp-content\/uploads\/Eventos\/Peregrinacion2004\/Permisos\/OcupacionViaPublica.pdf\u00bb height=\u00bb850px\u00bb width=\u00bb100%\u00bb]<\/p>\n","protected":false},"excerpt":{"rendered":"<p>[pdf-embedder url=\u00bbhttp:\/\/www.villasjrambla.org\/wp-content\/uploads\/Eventos\/Peregrinacion2004\/Permisos\/OcupacionViaPublica.pdf\u00bb height=\u00bb850px\u00bb width=\u00bb100%\u00bb]<\/p>\n","protected":false},"author":1,"featured_media":0,"parent":0,"menu_order":142,"comment_status":"closed","ping_status":"closed","template":"","meta":{"footnotes":""},"class_list":["post-5928","page","type-page","status-publish"],"_links":{"self":[{"href":"https:\/\/villasjrambla.org\/index.php?rest_route=\/wp\/v2\/pages\/5928","targetHints":{"allow":["GET"]}}],"collection":[{"href":"https:\/\/villasjrambla.org\/index.php?rest_route=\/wp\/v2\/pages"}],"about":[{"href":"https:\/\/villasjrambla.org\/index.php?rest_route=\/wp\/v2\/types\/page"}],"author":[{"embeddable":true,"href":"https:\/\/villasjrambla.org\/index.php?rest_route=\/wp\/v2\/users\/1"}],"replies":[{"embeddable":true,"href":"https:\/\/villasjrambla.org\/index.php?rest_route=%2Fwp%2Fv2%2Fcomments&post=5928"}],"version-history":[{"count":2,"href":"https:\/\/villasjrambla.org\/index.php?rest_route=\/wp\/v2\/pages\/5928\/revisions"}],"predecessor-version":[{"id":5932,"href":"https:\/\/villasjrambla.org\/index.php?rest_route=\/wp\/v2\/pages\/5928\/revisions\/5932"}],"wp:attachment":[{"href":"https:\/\/villasjrambla.org\/index.php?rest_route=%2Fwp%2Fv2%2Fmedia&parent=5928"}],"curies":[{"name":"wp","href":"https:\/\/api.w.org\/{rel}","templated":true}]}}