{"id":6314,"date":"2021-07-09T15:08:10","date_gmt":"2021-07-09T15:08:10","guid":{"rendered":"http:\/\/www.villasjrambla.org\/?page_id=6314"},"modified":"2021-07-09T15:12:44","modified_gmt":"2021-07-09T15:12:44","slug":"9-agrupacion-folclorica-atahona-sena-de-identidad-de-un-pueblo-v","status":"publish","type":"page","link":"https:\/\/villasjrambla.org\/?page_id=6314","title":{"rendered":"9 Agrupaci\u00f3n Folcl\u00f3rica ATAHONA. Se\u00f1as de identidad de un pueblo (V)"},"content":{"rendered":"<p><iframe loading=\"lazy\" width=\"1264\" height=\"711\" src=\"https:\/\/www.youtube.com\/embed\/AXFE1dSLXEc\" title=\"YouTube video player\" frameborder=\"0\" allow=\"accelerometer; autoplay; clipboard-write; encrypted-media; gyroscope; picture-in-picture\" allowfullscreen><\/iframe><\/p>\n","protected":false},"excerpt":{"rendered":"","protected":false},"author":1,"featured_media":0,"parent":0,"menu_order":112,"comment_status":"closed","ping_status":"closed","template":"","meta":{"footnotes":""},"class_list":["post-6314","page","type-page","status-publish"],"_links":{"self":[{"href":"https:\/\/villasjrambla.org\/index.php?rest_route=\/wp\/v2\/pages\/6314","targetHints":{"allow":["GET"]}}],"collection":[{"href":"https:\/\/villasjrambla.org\/index.php?rest_route=\/wp\/v2\/pages"}],"about":[{"href":"https:\/\/villasjrambla.org\/index.php?rest_route=\/wp\/v2\/types\/page"}],"author":[{"embeddable":true,"href":"https:\/\/villasjrambla.org\/index.php?rest_route=\/wp\/v2\/users\/1"}],"replies":[{"embeddable":true,"href":"https:\/\/villasjrambla.org\/index.php?rest_route=%2Fwp%2Fv2%2Fcomments&post=6314"}],"version-history":[{"count":2,"href":"https:\/\/villasjrambla.org\/index.php?rest_route=\/wp\/v2\/pages\/6314\/revisions"}],"predecessor-version":[{"id":6317,"href":"https:\/\/villasjrambla.org\/index.php?rest_route=\/wp\/v2\/pages\/6314\/revisions\/6317"}],"wp:attachment":[{"href":"https:\/\/villasjrambla.org\/index.php?rest_route=%2Fwp%2Fv2%2Fmedia&parent=6314"}],"curies":[{"name":"wp","href":"https:\/\/api.w.org\/{rel}","templated":true}]}}